{"id":402,"date":"2013-09-27T09:58:17","date_gmt":"2013-09-27T07:58:17","guid":{"rendered":"http:\/\/www.fsgestavayer.ch\/?page_id=402"},"modified":"2024-02-05T16:33:50","modified_gmt":"2024-02-05T15:33:50","slug":"coupe-de-noel","status":"publish","type":"page","link":"https:\/\/www.fsgestavayer.ch\/?page_id=402","title":{"rendered":"Coupe de No\u00ebl"},"content":{"rendered":"<div style=\"text-align: left;\">&nbsp;<\/div>\n<div style=\"text-align: center;\">&nbsp;<\/div>\n<div style=\"text-align: center;\"><b>Retrouvez toutes les informations concernant la Coupe de No\u00ebl sur le site d\u00e9di\u00e9 :<\/b><\/div>\n<div>&nbsp;<\/div>\n<div style=\"text-align: center;\"><a href=\"https:\/\/coupedenoelesta.ch\/\">https:\/\/coupedenoelesta.ch\/<\/a><\/div>\n\n\n<p><\/p>\n\n\n\n<p><\/p>\n\n\n\n<p><\/p>\n\n\n\n<p><\/p>\n\n\n\n<p><\/p>\n\n\n\n<p><\/p>\n\n\n\n<p><\/p>\n\n\n\n<p><\/p>\n\n\n\n<p><\/p>\n\n\n\n<p><\/p>\n\n\n\n<p><\/p>\n\n\n\n<p><\/p>\n\n\n\n<p><\/p>\n","protected":false},"excerpt":{"rendered":"<p>&nbsp; &nbsp; Retrouvez toutes les informations concernant la Coupe de No\u00ebl sur le site d\u00e9di\u00e9 : &nbsp; https:\/\/coupedenoelesta.ch\/<\/p>\n","protected":false},"author":3,"featured_media":0,"parent":0,"menu_order":0,"comment_status":"closed","ping_status":"open","template":"","meta":{"ngg_post_thumbnail":0,"footnotes":""},"class_list":["post-402","page","type-page","status-publish","hentry"],"_links":{"self":[{"href":"https:\/\/www.fsgestavayer.ch\/index.php?rest_route=\/wp\/v2\/pages\/402","targetHints":{"allow":["GET"]}}],"collection":[{"href":"https:\/\/www.fsgestavayer.ch\/index.php?rest_route=\/wp\/v2\/pages"}],"about":[{"href":"https:\/\/www.fsgestavayer.ch\/index.php?rest_route=\/wp\/v2\/types\/page"}],"author":[{"embeddable":true,"href":"https:\/\/www.fsgestavayer.ch\/index.php?rest_route=\/wp\/v2\/users\/3"}],"replies":[{"embeddable":true,"href":"https:\/\/www.fsgestavayer.ch\/index.php?rest_route=%2Fwp%2Fv2%2Fcomments&post=402"}],"version-history":[{"count":9,"href":"https:\/\/www.fsgestavayer.ch\/index.php?rest_route=\/wp\/v2\/pages\/402\/revisions"}],"predecessor-version":[{"id":10925,"href":"https:\/\/www.fsgestavayer.ch\/index.php?rest_route=\/wp\/v2\/pages\/402\/revisions\/10925"}],"wp:attachment":[{"href":"https:\/\/www.fsgestavayer.ch\/index.php?rest_route=%2Fwp%2Fv2%2Fmedia&parent=402"}],"curies":[{"name":"wp","href":"https:\/\/api.w.org\/{rel}","templated":true}]}}