{"id":34,"date":"2013-07-01T13:40:16","date_gmt":"2013-07-01T11:40:16","guid":{"rendered":"http:\/\/www.fsgestavayer.ch?page_id=34"},"modified":"2016-08-16T13:55:57","modified_gmt":"2016-08-16T11:55:57","slug":"parents-enfants","status":"publish","type":"page","link":"https:\/\/www.fsgestavayer.ch\/?page_id=34","title":{"rendered":"Gym Parents-Enfants"},"content":{"rendered":"\n<table id=\"tablepress-17\" class=\"tablepress tablepress-id-17 tbody-has-connected-cells\">\n<tbody>\n<tr class=\"row-1\">\n\t<td colspan=\"2\" class=\"column-1\"><strong>GYM PARENTS-ENFANTS (d\u00e8s 2 ans 1\/2)<\/strong><\/td>\n<\/tr>\n<tr class=\"row-2\">\n\t<td class=\"column-1\">Entra\u00eenement  :<\/td><td class=\"column-2\">MARDI de 10h15 \u00e0 11h30<\/td>\n<\/tr>\n<tr class=\"row-3\">\n\t<td class=\"column-1\">Rendez-vous :<\/td><td class=\"column-2\">Salle de Lully<\/td>\n<\/tr>\n<tr class=\"row-4\">\n\t<td class=\"column-1\">D\u00e9but :<\/td><td class=\"column-2\">Mardi 2 Septembre 2025<\/td>\n<\/tr>\n<tr class=\"row-5\">\n\t<td class=\"column-1\">Responsable :<\/td><td class=\"column-2\">B\u00e9atrice Brasey, 079\/611.96.24<\/td>\n<\/tr>\n<\/tbody>\n<\/table>\n<!-- #tablepress-17 from cache -->\n<p>Documents \u00e0 t\u00e9l\u00e9charger :<br \/>\n<a title=\"Chartre des parents-enfants\" href=\"https:\/\/www.fsgestavayer.ch\/wp-contenu\/uploads\/2013\/07\/chartre_de_la_gym_P_E.doc\" target=\"_blank\">Charte des parents-enfants<\/a><\/p>\nngg_shortcode_0_placeholder\n","protected":false},"excerpt":{"rendered":"<p>Documents \u00e0 t\u00e9l\u00e9charger : Charte des parents-enfants<\/p>\n","protected":false},"author":3,"featured_media":0,"parent":25,"menu_order":0,"comment_status":"closed","ping_status":"open","template":"","meta":{"ngg_post_thumbnail":0,"footnotes":""},"class_list":["post-34","page","type-page","status-publish","hentry"],"_links":{"self":[{"href":"https:\/\/www.fsgestavayer.ch\/index.php?rest_route=\/wp\/v2\/pages\/34","targetHints":{"allow":["GET"]}}],"collection":[{"href":"https:\/\/www.fsgestavayer.ch\/index.php?rest_route=\/wp\/v2\/pages"}],"about":[{"href":"https:\/\/www.fsgestavayer.ch\/index.php?rest_route=\/wp\/v2\/types\/page"}],"author":[{"embeddable":true,"href":"https:\/\/www.fsgestavayer.ch\/index.php?rest_route=\/wp\/v2\/users\/3"}],"replies":[{"embeddable":true,"href":"https:\/\/www.fsgestavayer.ch\/index.php?rest_route=%2Fwp%2Fv2%2Fcomments&post=34"}],"version-history":[{"count":0,"href":"https:\/\/www.fsgestavayer.ch\/index.php?rest_route=\/wp\/v2\/pages\/34\/revisions"}],"up":[{"embeddable":true,"href":"https:\/\/www.fsgestavayer.ch\/index.php?rest_route=\/wp\/v2\/pages\/25"}],"wp:attachment":[{"href":"https:\/\/www.fsgestavayer.ch\/index.php?rest_route=%2Fwp%2Fv2%2Fmedia&parent=34"}],"curies":[{"name":"wp","href":"https:\/\/api.w.org\/{rel}","templated":true}]}}