{"id":25,"date":"2013-06-22T16:43:57","date_gmt":"2013-06-22T14:43:57","guid":{"rendered":"http:\/\/www.fsgestavayer.ch?page_id=25"},"modified":"2021-08-02T00:45:13","modified_gmt":"2021-08-01T22:45:13","slug":"groupes","status":"publish","type":"page","link":"https:\/\/www.fsgestavayer.ch\/?page_id=25","title":{"rendered":"Groupes"},"content":{"rendered":"<p>Vous trouverez dans les liens ci-dessous toutes les infos pour nous rejoindre : horaires, lieu, moniteur responsable.<br>N&rsquo;h\u00e9sitez pas \u00e0 contacter le moniteur responsable pour plus de pr\u00e9cisions.<br><a href=\"https:\/\/www.fsgestavayer.ch\/?page_id=45\">Agr\u00e8s<\/a><br><a href=\"https:\/\/www.fsgestavayer.ch\/?page_id=42\">Athl\u00e9tisme<\/a><br><a href=\"https:\/\/www.fsgestavayer.ch\/?page_id=244\">Badminton<\/a><br><a href=\"https:\/\/www.fsgestavayer.ch\/?page_id=37\">Gym Enfantine<\/a><br><a href=\"https:\/\/www.fsgestavayer.ch\/?page_id=249\">Gym Dames<\/a><br><a href=\"https:\/\/www.fsgestavayer.ch\/?page_id=246\">Gym-Fit<\/a><br><a href=\"https:\/\/www.fsgestavayer.ch\/?page_id=34\">Gym Parents-Enfants<\/a><br><a href=\"https:\/\/www.fsgestavayer.ch\/?page_id=40\">Jeunes Gymnastes<\/a><br><a href=\"https:\/\/www.fsgestavayer.ch\/?page_id=5435\">Kin-Ball<\/a><br><a href=\"https:\/\/www.fsgestavayer.ch\/?page_id=8741\">Parcours Vita urbain<\/a><br><a href=\"https:\/\/www.fsgestavayer.ch\/?page_id=116\">Volley<\/a><\/p>\n\n\n<p><\/p>\n","protected":false},"excerpt":{"rendered":"<p>Vous trouverez dans les liens ci-dessous toutes les infos pour nous rejoindre : horaires, lieu, moniteur responsable.N&rsquo;h\u00e9sitez pas \u00e0 contacter le moniteur responsable pour plus <a class=\"more-link\" href=\"https:\/\/www.fsgestavayer.ch\/?page_id=25\">Continuer la lecture <span class=\"screen-reader-text\">  Groupes<\/span><span class=\"meta-nav\">&rarr;<\/span><\/a><\/p>\n","protected":false},"author":3,"featured_media":0,"parent":0,"menu_order":0,"comment_status":"closed","ping_status":"open","template":"","meta":{"ngg_post_thumbnail":0,"footnotes":""},"class_list":["post-25","page","type-page","status-publish","hentry"],"_links":{"self":[{"href":"https:\/\/www.fsgestavayer.ch\/index.php?rest_route=\/wp\/v2\/pages\/25","targetHints":{"allow":["GET"]}}],"collection":[{"href":"https:\/\/www.fsgestavayer.ch\/index.php?rest_route=\/wp\/v2\/pages"}],"about":[{"href":"https:\/\/www.fsgestavayer.ch\/index.php?rest_route=\/wp\/v2\/types\/page"}],"author":[{"embeddable":true,"href":"https:\/\/www.fsgestavayer.ch\/index.php?rest_route=\/wp\/v2\/users\/3"}],"replies":[{"embeddable":true,"href":"https:\/\/www.fsgestavayer.ch\/index.php?rest_route=%2Fwp%2Fv2%2Fcomments&post=25"}],"version-history":[{"count":4,"href":"https:\/\/www.fsgestavayer.ch\/index.php?rest_route=\/wp\/v2\/pages\/25\/revisions"}],"predecessor-version":[{"id":8750,"href":"https:\/\/www.fsgestavayer.ch\/index.php?rest_route=\/wp\/v2\/pages\/25\/revisions\/8750"}],"wp:attachment":[{"href":"https:\/\/www.fsgestavayer.ch\/index.php?rest_route=%2Fwp%2Fv2%2Fmedia&parent=25"}],"curies":[{"name":"wp","href":"https:\/\/api.w.org\/{rel}","templated":true}]}}