{"id":2003,"date":"2016-02-05T14:49:47","date_gmt":"2016-02-05T13:49:47","guid":{"rendered":"http:\/\/www.fsgestavayer.ch\/?page_id=2003"},"modified":"2020-04-29T17:08:36","modified_gmt":"2020-04-29T15:08:36","slug":"coupe-de-noel","status":"publish","type":"page","link":"https:\/\/www.fsgestavayer.ch\/?page_id=2003","title":{"rendered":"Coupe de No\u00ebl"},"content":{"rendered":"ngg_shortcode_0_placeholder\nngg_shortcode_1_placeholder\n<h4>Coupe de No\u00ebl 2019<\/h4>\n<h4>&nbsp;<\/h4>\n<p>Enfants :<\/p>\nngg_shortcode_2_placeholder\n<p>Course adapt\u00e9e :<\/p>\nngg_shortcode_3_placeholder\n<p>Cadets, Relais et Populaires :&nbsp;<\/p>\nngg_shortcode_4_placeholder\n<h4>&nbsp;<\/h4>\n<h4>Coupe de No\u00ebl 2018<\/h4>\n<p>Enfants &amp; Populaires Dames :<\/p>\nngg_shortcode_5_placeholder\n<p>Relais &amp; autres courses adultes :<\/p>\nngg_shortcode_6_placeholder\n<h4>&nbsp;<\/h4>\n<h4>Coupe de No\u00ebl 2017<\/h4>\nngg_shortcode_7_placeholder\n<h4>&nbsp;<\/h4>\n<h4>Coupe de No\u00ebl 2016<\/h4>\n<p>Enfants :<\/p>\nngg_shortcode_8_placeholder\nngg_shortcode_9_placeholder\n<h4>&nbsp;<\/h4>\n<p>Adultes :<\/p>\nngg_shortcode_10_placeholder\n<p>Relais :<\/p>\nngg_shortcode_11_placeholder\n<h4>&nbsp;<\/h4>\n<h4>Coupe de No\u00ebl 2015<\/h4>\n<p>Enfants :<\/p>\nngg_shortcode_12_placeholder\n<p>Adultes :<\/p>\nngg_shortcode_13_placeholder\n<h4>Coupe de No\u00ebl 2014<\/h4>\nngg_shortcode_14_placeholder\n<h4>&nbsp;<\/h4>\n<h4>Coupe de No\u00ebl 2013<\/h4>\nngg_shortcode_15_placeholder\n<h4>Coupe de No\u00ebl 2012<\/h4>\nngg_shortcode_16_placeholder\n","protected":false},"excerpt":{"rendered":"<p>Coupe de No\u00ebl 2019 &nbsp; Enfants : &nbsp; Course adapt\u00e9e : &nbsp; Cadets, Relais et Populaires :&nbsp; &nbsp; Coupe de No\u00ebl 2018 Enfants &amp; Populaires <a class=\"more-link\" href=\"https:\/\/www.fsgestavayer.ch\/?page_id=2003\">Continuer la lecture <span class=\"screen-reader-text\">  Coupe de No\u00ebl<\/span><span class=\"meta-nav\">&rarr;<\/span><\/a><\/p>\n","protected":false},"author":3,"featured_media":0,"parent":84,"menu_order":0,"comment_status":"closed","ping_status":"closed","template":"page-fullwidth.php","meta":{"ngg_post_thumbnail":0,"footnotes":""},"class_list":["post-2003","page","type-page","status-publish","hentry"],"_links":{"self":[{"href":"https:\/\/www.fsgestavayer.ch\/index.php?rest_route=\/wp\/v2\/pages\/2003","targetHints":{"allow":["GET"]}}],"collection":[{"href":"https:\/\/www.fsgestavayer.ch\/index.php?rest_route=\/wp\/v2\/pages"}],"about":[{"href":"https:\/\/www.fsgestavayer.ch\/index.php?rest_route=\/wp\/v2\/types\/page"}],"author":[{"embeddable":true,"href":"https:\/\/www.fsgestavayer.ch\/index.php?rest_route=\/wp\/v2\/users\/3"}],"replies":[{"embeddable":true,"href":"https:\/\/www.fsgestavayer.ch\/index.php?rest_route=%2Fwp%2Fv2%2Fcomments&post=2003"}],"version-history":[{"count":0,"href":"https:\/\/www.fsgestavayer.ch\/index.php?rest_route=\/wp\/v2\/pages\/2003\/revisions"}],"up":[{"embeddable":true,"href":"https:\/\/www.fsgestavayer.ch\/index.php?rest_route=\/wp\/v2\/pages\/84"}],"wp:attachment":[{"href":"https:\/\/www.fsgestavayer.ch\/index.php?rest_route=%2Fwp%2Fv2%2Fmedia&parent=2003"}],"curies":[{"name":"wp","href":"https:\/\/api.w.org\/{rel}","templated":true}]}}