{"id":2001,"date":"2016-02-05T14:49:06","date_gmt":"2016-02-05T13:49:06","guid":{"rendered":"http:\/\/www.fsgestavayer.ch\/?page_id=2001"},"modified":"2020-04-29T16:30:27","modified_gmt":"2020-04-29T14:30:27","slug":"ubs-kids-cup-team","status":"publish","type":"page","link":"https:\/\/www.fsgestavayer.ch\/?page_id=2001","title":{"rendered":"UBS Kids Cup Team"},"content":{"rendered":"<h4>30 Novembre 2019 &#8211; Eliminatoire Locale \u00e0 Estavayer<\/h4>\n<p>Sprint &amp; Saut U10 \u2013 U12<\/p>\nngg_shortcode_0_placeholder\n<p>Biathlon U10 \u2013 U12<\/p>\nngg_shortcode_1_placeholder\n<p>Team Cross U10 \u2013 U12<\/p>\nngg_shortcode_2_placeholder\n<p>Podiums U10 \u2013 U12<\/p>\nngg_shortcode_3_placeholder\n<p>Sprint &amp; Saut U14 \u2013 U16<\/p>\nngg_shortcode_4_placeholder\n<p>Team Cross U14 \u2013 U16<\/p>\nngg_shortcode_5_placeholder\n<p>Podiums U14 \u2013 U16<\/p>\nngg_shortcode_6_placeholder\n<h4>&nbsp;<\/h4>\n<h4>18 Novembre 2017 &#8211; Eliminatoire Locale \u00e0 Estavayer<\/h4>\nngg_shortcode_7_placeholder\n<p><iframe loading=\"lazy\" title=\"UBS Kids Cup Team Estavayer le Lac 18 Nov 2017 U10 U12\" width=\"530\" height=\"298\" src=\"https:\/\/www.youtube.com\/embed\/MSGYtYwei5o?feature=oembed\" frameborder=\"0\" allow=\"accelerometer; autoplay; clipboard-write; encrypted-media; gyroscope; picture-in-picture; web-share\" referrerpolicy=\"strict-origin-when-cross-origin\" allowfullscreen><\/iframe><\/p>\n<p><iframe loading=\"lazy\" title=\"UBS Kids Cup Team Estavayer le Lac 18 Nov 2017 U14 U16\" width=\"530\" height=\"298\" src=\"https:\/\/www.youtube.com\/embed\/aMAW9V15spU?feature=oembed\" frameborder=\"0\" allow=\"accelerometer; autoplay; clipboard-write; encrypted-media; gyroscope; picture-in-picture; web-share\" referrerpolicy=\"strict-origin-when-cross-origin\" allowfullscreen><\/iframe><\/p>\n<p>&nbsp;<\/p>\n<h4>11 Mars 2017 &#8211; Finale R\u00e9gionale \u00e0 Estavayer<\/h4>\n<p><iframe loading=\"lazy\" title=\"UBS Kids Cup Team - finale r\u00e9gionale Estavayer 2017\" width=\"530\" height=\"298\" src=\"https:\/\/www.youtube.com\/embed\/0ChBE6yIYLo?feature=oembed\" frameborder=\"0\" allow=\"accelerometer; autoplay; clipboard-write; encrypted-media; gyroscope; picture-in-picture; web-share\" referrerpolicy=\"strict-origin-when-cross-origin\" allowfullscreen><\/iframe><\/p>\n<p>&nbsp;<\/p>\n<p>Les podiums :<\/p>\nngg_shortcode_8_placeholder\n<h4>21 Janvier 2017 &#8211; Eliminatoire Locale \u00e0 Guin<\/h4>\nngg_shortcode_9_placeholder\n<h4>23 Janvier 2016 &#8211; Finale r\u00e9gionale \u00e0 Domdidier<\/h4>\nngg_shortcode_10_placeholder\n<h4>&nbsp;<\/h4>\n<h4>&nbsp;<\/h4>\n<h4>21 Novembre 2015 &#8211; Eliminatoire Locale \u00e0 Estavayer<\/h4>\nngg_shortcode_11_placeholderhttps:\/\/www.youtube.com\/embed\/uPaE7GhZsyA<\/p>\n<h4>19 mars 2015 &#8211; Finale Suisse \u00e0&nbsp;Oberriet<\/h4>\n<p><a href=\"https:\/\/www.fsgestavayer.ch\/?attachment_id=1408\" rel=\"attachment wp-att-1408\"><img loading=\"lazy\" decoding=\"async\" class=\"aligncenter size-full wp-image-1408\" src=\"https:\/\/www.fsgestavayer.ch\/wp-contenu\/uploads\/2015\/03\/photo-podium-Kids-Cup-Finale-Oberriet.jpg\" alt=\"photo podium Kids Cup Finale Oberriet\" width=\"1200\" height=\"802\" srcset=\"https:\/\/www.fsgestavayer.ch\/wp-contenu\/uploads\/2015\/03\/photo-podium-Kids-Cup-Finale-Oberriet.jpg 1200w, https:\/\/www.fsgestavayer.ch\/wp-contenu\/uploads\/2015\/03\/photo-podium-Kids-Cup-Finale-Oberriet-300x201.jpg 300w, https:\/\/www.fsgestavayer.ch\/wp-contenu\/uploads\/2015\/03\/photo-podium-Kids-Cup-Finale-Oberriet-1024x684.jpg 1024w, https:\/\/www.fsgestavayer.ch\/wp-contenu\/uploads\/2015\/03\/photo-podium-Kids-Cup-Finale-Oberriet-800x535.jpg 800w\" sizes=\"auto, (max-width: 1200px) 100vw, 1200px\" \/><\/a><\/p>\n<h4>7 f\u00e9vrier 2015 &#8211; Finale r\u00e9gionale \u00e0 Payerne<\/h4>\nngg_shortcode_12_placeholder\n<h4>&nbsp;<\/h4>\n<h4>23 Novembre 2014 &#8211; Eliminatoire Locale \u00e0 Estavayer<\/h4>\nngg_shortcode_13_placeholder\n<p><iframe loading=\"lazy\" title=\"Kids Cup Team Estavayer-le-Lac 22 Novembre 2014 Cat\u00e9gories U14 &amp; U16\" width=\"530\" height=\"298\" src=\"https:\/\/www.youtube.com\/embed\/p918WMAr5z8?feature=oembed\" frameborder=\"0\" allow=\"accelerometer; autoplay; clipboard-write; encrypted-media; gyroscope; picture-in-picture; web-share\" referrerpolicy=\"strict-origin-when-cross-origin\" allowfullscreen><\/iframe><\/p>\n<p><iframe loading=\"lazy\" title=\"Cup Team Estavayer-le-Lac 22 Novembre 2014 Cat\u00e9gories U10 &amp; U12\" width=\"530\" height=\"298\" src=\"https:\/\/www.youtube.com\/embed\/GCaHr5X1EZ4?feature=oembed\" frameborder=\"0\" allow=\"accelerometer; autoplay; clipboard-write; encrypted-media; gyroscope; picture-in-picture; web-share\" referrerpolicy=\"strict-origin-when-cross-origin\" allowfullscreen><\/iframe><\/p>\n<p>&nbsp;<\/p>\n<h4>16 Mars 2013 &#8211;&nbsp;Finale Suisse \u00e0 Willisau<\/h4>\nngg_shortcode_14_placeholder\n<h4>&nbsp;<\/h4>\n<h4>12 Janvier 2013 &#8211;&nbsp;Finale r\u00e9gionale \u00e0 Guin<\/h4>\nngg_shortcode_15_placeholder\n<h4>&nbsp;<\/h4>\n<h4>24 Novembre 2012 &#8211; Eliminatoire Locale \u00e0 Estavayer<\/h4>\n<p><iframe loading=\"lazy\" title=\"UBS Kids Cup Team - Estavayer  24 Novembre 2012 - Teamcross U12\" width=\"530\" height=\"398\" src=\"https:\/\/www.youtube.com\/embed\/kYL4E-U2HpA?feature=oembed\" frameborder=\"0\" allow=\"accelerometer; autoplay; clipboard-write; encrypted-media; gyroscope; picture-in-picture; web-share\" referrerpolicy=\"strict-origin-when-cross-origin\" allowfullscreen><\/iframe><\/p>\n<p>&nbsp;<\/p>\n","protected":false},"excerpt":{"rendered":"<p>30 Novembre 2019 &#8211; Eliminatoire Locale \u00e0 Estavayer Sprint &amp; Saut U10 \u2013 U12 &nbsp; Biathlon U10 \u2013 U12 &nbsp; Team Cross U10 \u2013 U12 <a class=\"more-link\" href=\"https:\/\/www.fsgestavayer.ch\/?page_id=2001\">Continuer la lecture <span class=\"screen-reader-text\">  UBS Kids Cup Team<\/span><span class=\"meta-nav\">&rarr;<\/span><\/a><\/p>\n","protected":false},"author":3,"featured_media":0,"parent":84,"menu_order":0,"comment_status":"closed","ping_status":"closed","template":"page-fullwidth.php","meta":{"ngg_post_thumbnail":0,"footnotes":""},"class_list":["post-2001","page","type-page","status-publish","hentry"],"_links":{"self":[{"href":"https:\/\/www.fsgestavayer.ch\/index.php?rest_route=\/wp\/v2\/pages\/2001","targetHints":{"allow":["GET"]}}],"collection":[{"href":"https:\/\/www.fsgestavayer.ch\/index.php?rest_route=\/wp\/v2\/pages"}],"about":[{"href":"https:\/\/www.fsgestavayer.ch\/index.php?rest_route=\/wp\/v2\/types\/page"}],"author":[{"embeddable":true,"href":"https:\/\/www.fsgestavayer.ch\/index.php?rest_route=\/wp\/v2\/users\/3"}],"replies":[{"embeddable":true,"href":"https:\/\/www.fsgestavayer.ch\/index.php?rest_route=%2Fwp%2Fv2%2Fcomments&post=2001"}],"version-history":[{"count":0,"href":"https:\/\/www.fsgestavayer.ch\/index.php?rest_route=\/wp\/v2\/pages\/2001\/revisions"}],"up":[{"embeddable":true,"href":"https:\/\/www.fsgestavayer.ch\/index.php?rest_route=\/wp\/v2\/pages\/84"}],"wp:attachment":[{"href":"https:\/\/www.fsgestavayer.ch\/index.php?rest_route=%2Fwp%2Fv2%2Fmedia&parent=2001"}],"curies":[{"name":"wp","href":"https:\/\/api.w.org\/{rel}","templated":true}]}}