{"id":10911,"date":"2024-01-15T00:09:05","date_gmt":"2024-01-14T23:09:05","guid":{"rendered":"https:\/\/www.fsgestavayer.ch\/?page_id=10911"},"modified":"2026-02-06T20:45:10","modified_gmt":"2026-02-06T19:45:10","slug":"inscription-au-repas-de-soutien-de-la-fsg","status":"publish","type":"page","link":"https:\/\/www.fsgestavayer.ch\/?page_id=10911","title":{"rendered":"R\u00e9servations &#8211; Repas de soutien de la FSG"},"content":{"rendered":"\n<div class=\"forminator-guttenberg\"><\/div>\n\n\n\n<p>NB : Les r\u00e9servations sont d\u00e9finitives \u00e0 partir du 18 mars. En cas d&rsquo;annulation, veuillez SVP nous pr\u00e9venir avant cette date. Apr\u00e8s cette date, nous serons contraints de vous facturer les repas r\u00e9serv\u00e9s.<\/p>\n\n\n\n<p><\/p>\n","protected":false},"excerpt":{"rendered":"<p>NB : Les r\u00e9servations sont d\u00e9finitives \u00e0 partir du 18 mars. En cas d&rsquo;annulation, veuillez SVP nous pr\u00e9venir avant cette date. Apr\u00e8s cette date, nous <a class=\"more-link\" href=\"https:\/\/www.fsgestavayer.ch\/?page_id=10911\">Continuer la lecture <span class=\"screen-reader-text\">  R\u00e9servations &#8211; Repas de soutien de la FSG<\/span><span class=\"meta-nav\">&rarr;<\/span><\/a><\/p>\n","protected":false},"author":3,"featured_media":0,"parent":0,"menu_order":0,"comment_status":"closed","ping_status":"closed","template":"","meta":{"ngg_post_thumbnail":0,"footnotes":""},"class_list":["post-10911","page","type-page","status-publish","hentry"],"_links":{"self":[{"href":"https:\/\/www.fsgestavayer.ch\/index.php?rest_route=\/wp\/v2\/pages\/10911","targetHints":{"allow":["GET"]}}],"collection":[{"href":"https:\/\/www.fsgestavayer.ch\/index.php?rest_route=\/wp\/v2\/pages"}],"about":[{"href":"https:\/\/www.fsgestavayer.ch\/index.php?rest_route=\/wp\/v2\/types\/page"}],"author":[{"embeddable":true,"href":"https:\/\/www.fsgestavayer.ch\/index.php?rest_route=\/wp\/v2\/users\/3"}],"replies":[{"embeddable":true,"href":"https:\/\/www.fsgestavayer.ch\/index.php?rest_route=%2Fwp%2Fv2%2Fcomments&post=10911"}],"version-history":[{"count":8,"href":"https:\/\/www.fsgestavayer.ch\/index.php?rest_route=\/wp\/v2\/pages\/10911\/revisions"}],"predecessor-version":[{"id":11604,"href":"https:\/\/www.fsgestavayer.ch\/index.php?rest_route=\/wp\/v2\/pages\/10911\/revisions\/11604"}],"wp:attachment":[{"href":"https:\/\/www.fsgestavayer.ch\/index.php?rest_route=%2Fwp%2Fv2%2Fmedia&parent=10911"}],"curies":[{"name":"wp","href":"https:\/\/api.w.org\/{rel}","templated":true}]}}