{"id":1067,"date":"2014-10-08T17:35:13","date_gmt":"2014-10-08T15:35:13","guid":{"rendered":"http:\/\/www.fsgestavayer.ch\/?page_id=1067"},"modified":"2023-01-13T21:03:13","modified_gmt":"2023-01-13T20:03:13","slug":"formulaire-dinscription","status":"publish","type":"page","link":"https:\/\/www.fsgestavayer.ch\/?page_id=1067","title":{"rendered":"Formulaire d&rsquo;inscription"},"content":{"rendered":"\n<p>Les inscriptions en ligne sont closes. Vous pouvez encore vous inscrire sur place jusqu&rsquo;\u00e0 60 minutes avant le d\u00e9part de votre cat\u00e9gorie.<\/p>\n","protected":false},"excerpt":{"rendered":"<p>Les inscriptions en ligne sont closes. Vous pouvez encore vous inscrire sur place jusqu&rsquo;\u00e0 60 minutes avant le d\u00e9part de votre cat\u00e9gorie.<\/p>\n","protected":false},"author":3,"featured_media":0,"parent":402,"menu_order":0,"comment_status":"closed","ping_status":"open","template":"page-fullwidth.php","meta":{"ngg_post_thumbnail":0,"footnotes":""},"class_list":["post-1067","page","type-page","status-publish","hentry"],"_links":{"self":[{"href":"https:\/\/www.fsgestavayer.ch\/index.php?rest_route=\/wp\/v2\/pages\/1067","targetHints":{"allow":["GET"]}}],"collection":[{"href":"https:\/\/www.fsgestavayer.ch\/index.php?rest_route=\/wp\/v2\/pages"}],"about":[{"href":"https:\/\/www.fsgestavayer.ch\/index.php?rest_route=\/wp\/v2\/types\/page"}],"author":[{"embeddable":true,"href":"https:\/\/www.fsgestavayer.ch\/index.php?rest_route=\/wp\/v2\/users\/3"}],"replies":[{"embeddable":true,"href":"https:\/\/www.fsgestavayer.ch\/index.php?rest_route=%2Fwp%2Fv2%2Fcomments&post=1067"}],"version-history":[{"count":7,"href":"https:\/\/www.fsgestavayer.ch\/index.php?rest_route=\/wp\/v2\/pages\/1067\/revisions"}],"predecessor-version":[{"id":10325,"href":"https:\/\/www.fsgestavayer.ch\/index.php?rest_route=\/wp\/v2\/pages\/1067\/revisions\/10325"}],"up":[{"embeddable":true,"href":"https:\/\/www.fsgestavayer.ch\/index.php?rest_route=\/wp\/v2\/pages\/402"}],"wp:attachment":[{"href":"https:\/\/www.fsgestavayer.ch\/index.php?rest_route=%2Fwp%2Fv2%2Fmedia&parent=1067"}],"curies":[{"name":"wp","href":"https:\/\/api.w.org\/{rel}","templated":true}]}}